{"id":5759,"date":"2025-08-14T09:15:55","date_gmt":"2025-08-14T07:15:55","guid":{"rendered":"https:\/\/scohpica.ch\/veroeffentlichungen-2\/"},"modified":"2026-04-01T11:41:52","modified_gmt":"2026-04-01T09:41:52","slug":"publikationen","status":"publish","type":"page","link":"https:\/\/scohpica.ch\/de\/gesundheitsfachkraefte\/publikationen\/","title":{"rendered":"Publikationen"},"content":{"rendered":"\n<h1 class=\"wp-block-heading has-text-align-center has-primary-color has-text-color has-link-color wp-elements-e3913caf2219d46a176bd8e0d2676153\">Publikationen<\/h1>\n\n\n\n<p>Hier finden Sie alle wissenschaftlichen Publikationen, Berichte und Mitteilungen, die aus den im Rahmen von SCOHPICA &#8211; Gesundheitsfachkr\u00e4fte &#8211; durchgef\u00fchrten Forschungsaktivit\u00e4ten hervorgegangen sind.<\/p>\n\n\n\n<p>Diese Arbeiten tragen dazu bei, die beruflichen Laufbahnen, die Arbeitsbedingungen, die Faktoren des Wohlbefindens sowie die Herausforderungen der Bindung im Gesundheitswesen in der Schweiz besser zu verstehen.<\/p>\n\n\n\n<p>Mehrere wissenschaftliche Artikel sind derzeit in Bearbeitung, in Zusammenarbeit mit anderen Schweizer Hochschulen und Universit\u00e4ten. Sie werden diese Rubrik in naher Zukunft erweitern und zur weiteren Aufwertung der SCOHPICA-Daten im Dienste der Gesundheitsfachkr\u00e4fte beitragen. <\/p>\n\n\n\n<div style=\"height:69px\" aria-hidden=\"true\" class=\"wp-block-spacer\"><\/div>\n\n\n\n<h2 class=\"wp-block-heading has-blue-dark-color has-text-color has-link-color wp-elements-7e80c6390ad2a61d71057e56ffa00761\"><span class=\"wp-rich-text-font-awesome-icon wp-font-awesome-icon\"><svg aria-hidden=\"true\" focusable=\"false\" data-prefix=\"fas\" data-icon=\"newspaper\" class=\"svg-inline--fa fa-newspaper \" role=\"img\" xmlns=\"http:\/\/www.w3.org\/2000\/svg\" viewBox=\"0 0 512 512\"><path fill=\"currentColor\" d=\"M96 96c0-35.3 28.7-64 64-64l288 0c35.3 0 64 28.7 64 64l0 320c0 35.3-28.7 64-64 64L80 480c-44.2 0-80-35.8-80-80L0 128c0-17.7 14.3-32 32-32s32 14.3 32 32l0 272c0 8.8 7.2 16 16 16s16-7.2 16-16L96 96zm64 24l0 80c0 13.3 10.7 24 24 24l112 0c13.3 0 24-10.7 24-24l0-80c0-13.3-10.7-24-24-24L184 96c-13.3 0-24 10.7-24 24zm208-8c0 8.8 7.2 16 16 16l48 0c8.8 0 16-7.2 16-16s-7.2-16-16-16l-48 0c-8.8 0-16 7.2-16 16zm0 96c0 8.8 7.2 16 16 16l48 0c8.8 0 16-7.2 16-16s-7.2-16-16-16l-48 0c-8.8 0-16 7.2-16 16zM160 304c0 8.8 7.2 16 16 16l256 0c8.8 0 16-7.2 16-16s-7.2-16-16-16l-256 0c-8.8 0-16 7.2-16 16zm0 96c0 8.8 7.2 16 16 16l256 0c8.8 0 16-7.2 16-16s-7.2-16-16-16l-256 0c-8.8 0-16 7.2-16 16z\"><\/path><\/svg><\/span> 2026<\/h2>\n\n\n\n<div class=\"wp-block-group is-style-shadow p-4 is-content-justification-left is-layout-constrained wp-container-core-group-is-layout-8c890d92 wp-block-group-is-layout-constrained\">\n<p><strong><strong>Wissenschaftlicher Artikel<\/strong> : Collecting Essential Data on Healthcare Professionals\u2019 Career Trajectories With Life History Calendars<\/strong>.<\/p>\n\n\n\n<p><strong><br><\/strong>Von Andr\u00e9 Berchtold, Leonard Roth, Annie Oulevey Bachmann, Jonathan Jubin, Ingrid Gilles und Isabelle Peytremann-Bridevaux.<br>Im International Journal of Public Health frei zug\u00e4nglich.  Ver\u00f6ffentlicht im Februar 2026.<\/p>\n\n\n\n<p class=\"is-style-fancy-link\"><a href=\"https:\/\/www.ssph-journal.org\/journals\/international-journal-of-public-health\/articles\/10.3389\/ijph.2026.1609261\/full\">ZUGANGSLINK<\/a><\/p>\n<\/div>\n\n\n\n<div style=\"height:69px\" aria-hidden=\"true\" class=\"wp-block-spacer\"><\/div>\n\n\n\n<h2 class=\"wp-block-heading has-blue-dark-color has-text-color has-link-color wp-elements-7606387c978672a31648eedb8ae44965\"><span class=\"wp-rich-text-font-awesome-icon wp-font-awesome-icon\"><svg xmlns=\"http:\/\/www.w3.org\/2000\/svg\" aria-hidden=\"true\" focusable=\"false\" data-prefix=\"fas\" data-icon=\"newspaper\" class=\"svg-inline--fa fa-newspaper \" role=\"img\" viewBox=\"0 0 512 512\"><path fill=\"currentColor\" d=\"M96 96c0-35.3 28.7-64 64-64l288 0c35.3 0 64 28.7 64 64l0 320c0 35.3-28.7 64-64 64L80 480c-44.2 0-80-35.8-80-80L0 128c0-17.7 14.3-32 32-32s32 14.3 32 32l0 272c0 8.8 7.2 16 16 16s16-7.2 16-16L96 96zm64 24l0 80c0 13.3 10.7 24 24 24l112 0c13.3 0 24-10.7 24-24l0-80c0-13.3-10.7-24-24-24L184 96c-13.3 0-24 10.7-24 24zm208-8c0 8.8 7.2 16 16 16l48 0c8.8 0 16-7.2 16-16s-7.2-16-16-16l-48 0c-8.8 0-16 7.2-16 16zm0 96c0 8.8 7.2 16 16 16l48 0c8.8 0 16-7.2 16-16s-7.2-16-16-16l-48 0c-8.8 0-16 7.2-16 16zM160 304c0 8.8 7.2 16 16 16l256 0c8.8 0 16-7.2 16-16s-7.2-16-16-16l-256 0c-8.8 0-16 7.2-16 16zm0 96c0 8.8 7.2 16 16 16l256 0c8.8 0 16-7.2 16-16s-7.2-16-16-16l-256 0c-8.8 0-16 7.2-16 16z\"><\/path><\/svg><\/span>  2025<\/h2>\n\n\n\n<div class=\"wp-block-group is-style-shadow p-4 is-content-justification-left is-layout-constrained wp-container-core-group-is-layout-8c890d92 wp-block-group-is-layout-constrained\">\n<p><strong>Fachartikel : Striving to Improve Working Conditions in Swiss Nursing Homes.<\/strong><\/p>\n\n\n\n<p><strong><br><\/strong>Von Leonard Roth.<br>Im Open Access in der Zeitschrift verf\u00fcgbar Swiss Learning health system. Ver\u00f6ffentlicht im April 2025. <\/p>\n\n\n\n<p class=\"is-style-fancy-link\"><a href=\"https:\/\/www.slhs.ch\/en\/policy-briefs-stakeholder-dialogues\/our-topics\/striving-to-improve-working-conditions-in-swiss-nursing-homes\/\" target=\"_blank\" rel=\"noreferrer noopener\">Zugangslink<\/a><\/p>\n<\/div>\n\n\n\n<div style=\"height:69px\" aria-hidden=\"true\" class=\"wp-block-spacer\"><\/div>\n\n\n\n<div class=\"wp-block-group is-style-shadow p-4 is-content-justification-left is-layout-constrained wp-container-core-group-is-layout-8c890d92 wp-block-group-is-layout-constrained\">\n<p><strong>Wissenschaftlicher Artikel : Work experiences of healthcare professionals in a shortage context: analysis of open-ended comments in a Swiss cohort (SCOHPICA).<\/strong><\/p>\n\n\n\n<p><br>Von Gilles, Ingrid, Clara Le Saux, Emilie Zuercher, Jonathan Jubin, L\u00e9onard Roth, Annie Oulevey Bachmann und Isabelle Peytremann-Bridevaux.<br>Ver\u00f6ffentlicht in der Zeitschrift BMC Health Services Research. April 2025. <\/p>\n\n\n\n<p class=\"is-style-fancy-link\"><a href=\"https:\/\/link.springer.com\/article\/10.1186\/s12913-025-12659-z\" target=\"_blank\" rel=\"noreferrer noopener\">Zugangslink<\/a><\/p>\n<\/div>\n\n\n\n<div style=\"height:69px\" aria-hidden=\"true\" class=\"wp-block-spacer\"><\/div>\n\n\n\n<h2 class=\"wp-block-heading has-blue-dark-color has-text-color has-link-color wp-elements-b9c24d159667e259d99a3d34012aba7b\"><span class=\"wp-rich-text-font-awesome-icon wp-font-awesome-icon\"><svg xmlns=\"http:\/\/www.w3.org\/2000\/svg\" aria-hidden=\"true\" focusable=\"false\" data-prefix=\"fas\" data-icon=\"newspaper\" class=\"svg-inline--fa fa-newspaper \" role=\"img\" viewBox=\"0 0 512 512\"><path fill=\"currentColor\" d=\"M96 96c0-35.3 28.7-64 64-64l288 0c35.3 0 64 28.7 64 64l0 320c0 35.3-28.7 64-64 64L80 480c-44.2 0-80-35.8-80-80L0 128c0-17.7 14.3-32 32-32s32 14.3 32 32l0 272c0 8.8 7.2 16 16 16s16-7.2 16-16L96 96zm64 24l0 80c0 13.3 10.7 24 24 24l112 0c13.3 0 24-10.7 24-24l0-80c0-13.3-10.7-24-24-24L184 96c-13.3 0-24 10.7-24 24zm208-8c0 8.8 7.2 16 16 16l48 0c8.8 0 16-7.2 16-16s-7.2-16-16-16l-48 0c-8.8 0-16 7.2-16 16zm0 96c0 8.8 7.2 16 16 16l48 0c8.8 0 16-7.2 16-16s-7.2-16-16-16l-48 0c-8.8 0-16 7.2-16 16zM160 304c0 8.8 7.2 16 16 16l256 0c8.8 0 16-7.2 16-16s-7.2-16-16-16l-256 0c-8.8 0-16 7.2-16 16zm0 96c0 8.8 7.2 16 16 16l256 0c8.8 0 16-7.2 16-16s-7.2-16-16-16l-256 0c-8.8 0-16 7.2-16 16z\"><\/path><\/svg><\/span>  2024<\/h2>\n\n\n\n<div class=\"wp-block-group is-style-shadow p-4 is-content-justification-left is-layout-constrained wp-container-core-group-is-layout-8c890d92 wp-block-group-is-layout-constrained\">\n<p><strong>Wissenschaftlicher Artikel : Factors associated with Intent to stay in the profession: an exploratory cluster analysis across healthcare professions in Switzerland<\/strong><\/p>\n\n\n\n<p><br>Von L\u00e9onard Roth; Ingrid Gilles; Emilie Antille; Jonathan Jubin; Vladimir Jolidon; Annie Oulevey-Bachmann; Isabelle Peytremann Bridevaux<br>Ver\u00f6ffentlicht in der Zeitschrift Medical Care Research and Review<\/p>\n\n\n\n<p class=\"is-style-fancy-link\"><a href=\"https:\/\/academic.oup.com\/eurpub\/advance-article\/doi\/10.1093\/eurpub\/ckae100\/7697110?utm_source=authortollfreelink&amp;utm_campaign=eurpub&amp;utm_medium=email&amp;guestAccessKey=f2780797-5618-447a-9193-6d804cebb9d9\" target=\"_blank\" rel=\"noreferrer noopener\">Zugangslink<\/a><\/p>\n<\/div>\n\n\n\n<div style=\"height:69px\" aria-hidden=\"true\" class=\"wp-block-spacer\"><\/div>\n\n\n\n<div class=\"wp-block-group is-style-shadow p-4 is-content-justification-left is-layout-constrained wp-container-core-group-is-layout-8c890d92 wp-block-group-is-layout-constrained\">\n<p><strong>Wissenschaftlicher Artikel: Protokoll f\u00fcr die Schweizer COhort of Healthcare Professionals and Informal CAregivers (SCOHPICA): Berufswege, Absicht, im Beruf zu bleiben oder ihn zu verlassen, Wohlbefinden und ihre Determinanten<\/strong><\/p>\n\n\n\n<p><br>Von Isabelle Peytremann-Bridevaux, Vladimir Jolidon, Ingrid Gilles, Jonathan Jubin, Emilie Zuercher, L\u00e9onard Roth, Lucie Escasain, Nelly Courvoisier, Chiara Storari, Annie Oulevey Bachmann<br>Ver\u00f6ffentlicht 2024 in der Zeitschrift Plos ONE<\/p>\n<\/div>\n\n\n\n<div style=\"height:69px\" aria-hidden=\"true\" class=\"wp-block-spacer\"><\/div>\n\n\n\n<div class=\"wp-block-group is-style-shadow p-4 is-content-justification-left is-layout-constrained wp-container-core-group-is-layout-8c890d92 wp-block-group-is-layout-constrained\">\n<p><strong>Wissenschaftlicher Artikel: Health Workforce Challenges: Key Findings from the Swiss Cohort of Healthcare Professionals &amp; Informal Caregivers (SCOHPICA) (Herausforderungen im Gesundheitswesen: Schl\u00fcsselergebnisse aus der Schweizer Kohorte der Gesundheitsfachkr\u00e4fte und informellen Pflegekr\u00e4fte (SCOHPICA))<\/strong><br><\/p>\n\n\n\n<p>Von Vladimir Jolidon, Jonathan Jubin, Emilie Zuercher, L\u00e9onard Roth, Tania Carron, Annie Oulevey Bachmann, Ingrid Gilles &amp; Isabelle Peytremann-Bridevaux<br>Ver\u00f6ffentlicht 2024 im International Journal of Public Health<\/p>\n\n\n\n<p class=\"is-style-fancy-link\"><a href=\"https:\/\/www.ssph-journal.org\/journals\/international-journal-of-public-health\/articles\/10.3389\/ijph.2024.1607419\/full\" target=\"_blank\" rel=\"noreferrer noopener\">Zugangslink<\/a><\/p>\n<\/div>\n\n\n\n<div style=\"height:69px\" aria-hidden=\"true\" class=\"wp-block-spacer\"><\/div>\n\n\n\n<div class=\"wp-block-group is-style-shadow p-4 is-content-justification-left is-layout-constrained wp-container-core-group-is-layout-8c890d92 wp-block-group-is-layout-constrained\">\n<p><strong><strong>Fachartikel<\/strong>: Gesundheitsfachkr\u00e4fte in der Schweiz: Absicht, im Beruf zu bleiben<\/strong><\/p>\n\n\n\n<p><br>Von Val\u00e9rie Rezzonico, Sara Esther Geiser, L\u00e9onard Roth, Jonathan Jubin, Emilie Antille, Vladimir Jolidon, Annie Oulevey Bachmann, Ingrid Gilles, Isabelle Peytremann Bridevaux<br>Frei zug\u00e4nglich im Obsan-Bulletin (09\/2024)<\/p>\n\n\n\n<p class=\"is-style-fancy-link\"><a href=\"https:\/\/www.obsan.admin.ch\/de\/publikationen\/2024-gesundheitsfachkraefte-der-schweiz-absicht-im-beruf-zu-bleiben\" target=\"_blank\" rel=\"noreferrer noopener\">ZUGANGSLINK<\/a><\/p>\n<\/div>\n\n\n\n<div style=\"height:69px\" aria-hidden=\"true\" class=\"wp-block-spacer\"><\/div>\n\n\n\n<div class=\"wp-block-group is-style-shadow p-4 is-content-justification-left is-layout-constrained wp-container-core-group-is-layout-8c890d92 wp-block-group-is-layout-constrained\">\n<p><strong>Fachartikel: SCOHPICA: L\u00e4ngsschnittanalyse von Angeh\u00f6rigen der Gesundheitsberufe<\/strong><\/p>\n\n\n\n<p><br>Von Sara Ester Geiser, Sonia Barbosa, Jo\u00eblle Schneuwly, Ingrid Gilles, Annie Oulevey Bachmann, Isabelle Peytremann Bridevaux<br>Frei zug\u00e4nglich in der Schweizerischen \u00c4rztezeitung (S\u00c4Z) (Oktober 2024).<\/p>\n\n\n\n<p class=\"is-style-fancy-link\"><a href=\"https:\/\/r4.fmh.ch\/files\/pdf30\/a242650_00_fmh_saz_43-44-2024_scohpica_fr.pdf\" target=\"_blank\" rel=\"noreferrer noopener\">Zugangslink<\/a><\/p>\n<\/div>\n\n\n\n<div style=\"height:69px\" aria-hidden=\"true\" class=\"wp-block-spacer\"><\/div>\n\n\n\n<h2 class=\"wp-block-heading has-blue-dark-color has-text-color has-link-color wp-elements-bdefca663202c53de54b5d6f6e1136b1\"><span class=\"wp-rich-text-font-awesome-icon wp-font-awesome-icon\"><svg xmlns=\"http:\/\/www.w3.org\/2000\/svg\" aria-hidden=\"true\" focusable=\"false\" data-prefix=\"fas\" data-icon=\"newspaper\" class=\"svg-inline--fa fa-newspaper \" role=\"img\" viewBox=\"0 0 512 512\"><path fill=\"currentColor\" d=\"M96 96c0-35.3 28.7-64 64-64l288 0c35.3 0 64 28.7 64 64l0 320c0 35.3-28.7 64-64 64L80 480c-44.2 0-80-35.8-80-80L0 128c0-17.7 14.3-32 32-32s32 14.3 32 32l0 272c0 8.8 7.2 16 16 16s16-7.2 16-16L96 96zm64 24l0 80c0 13.3 10.7 24 24 24l112 0c13.3 0 24-10.7 24-24l0-80c0-13.3-10.7-24-24-24L184 96c-13.3 0-24 10.7-24 24zm208-8c0 8.8 7.2 16 16 16l48 0c8.8 0 16-7.2 16-16s-7.2-16-16-16l-48 0c-8.8 0-16 7.2-16 16zm0 96c0 8.8 7.2 16 16 16l48 0c8.8 0 16-7.2 16-16s-7.2-16-16-16l-48 0c-8.8 0-16 7.2-16 16zM160 304c0 8.8 7.2 16 16 16l256 0c8.8 0 16-7.2 16-16s-7.2-16-16-16l-256 0c-8.8 0-16 7.2-16 16zm0 96c0 8.8 7.2 16 16 16l256 0c8.8 0 16-7.2 16-16s-7.2-16-16-16l-256 0c-8.8 0-16 7.2-16 16z\"><\/path><\/svg><\/span>  2023<\/h2>\n\n\n\n<div class=\"wp-block-group is-style-shadow p-4 is-content-justification-left is-layout-constrained wp-container-core-group-is-layout-8c890d92 wp-block-group-is-layout-constrained\">\n<p><strong>Wissenschaftlicher Artikel: Factors Associated With Intent to Leave the Profession for the Allied Health Workforce: A Rapid Review (Faktoren in Verbindung mit der Absicht, den Beruf zu verlassen)<\/strong><\/p>\n\n\n\n<p><br>Von L\u00e9onard Roth; Clara Le Saux; Ingrid Gilles; Isabelle Peytremann Bridevaux<br>Ver\u00f6ffentlicht in 2023 in der National Library of Medicine<\/p>\n\n\n\n<p class=\"is-style-fancy-link\"><a href=\"https:\/\/pubmed.ncbi.nlm.nih.gov\/37864432\/\" target=\"_blank\" rel=\"noreferrer noopener\">Zugangslink<\/a><\/p>\n<\/div>\n\n\n\n<div style=\"height:69px\" aria-hidden=\"true\" class=\"wp-block-spacer\"><\/div>\n\n\n\n<div class=\"wp-block-group is-style-shadow p-4 is-content-justification-left is-layout-constrained wp-container-core-group-is-layout-8c890d92 wp-block-group-is-layout-constrained\">\n<p><strong>Fachartikel: SCOHPICA Kohorte: erste Ergebnisse<\/strong><\/p>\n\n\n\n<p><br>Von Vladimir Jolidon, Tania Carron, Ingrid Gilles, Annie Oulevey Bachmann, Isabelle Peytremann-Bridevaux<br>Ver\u00f6ffentlicht im Jahr 2023 in der Schweizerischen \u00c4rztezeitung<\/p>\n\n\n\n<p class=\"is-style-fancy-link\"><\/p>\n\n\n\n<p class=\"is-style-fancy-link\"><a href=\"https:\/\/saez.swisshealthweb.ch\/fr\/article\/doi\/bms.2023.1267193784\/\" target=\"_blank\" rel=\"noreferrer noopener\">Zugangslink<\/a><\/p>\n<\/div>\n\n\n\n<div style=\"height:69px\" aria-hidden=\"true\" class=\"wp-block-spacer\"><\/div>\n\n\n\n<div class=\"wp-block-group is-style-shadow p-4 is-content-justification-left is-layout-constrained wp-container-core-group-is-layout-8c890d92 wp-block-group-is-layout-constrained\">\n<p><strong>Fachartikel: Wohlbefinden und Bleibeabsichten von Allgemeininternisten und Arzthelferinnen<\/strong><\/p>\n\n\n\n<p><br>Von Tania Carron, Isabelle Peytremann Bridevaux, Ingrid Gilles, Annie Oulevey Bachmann<br>Ver\u00f6ffentlicht 2023 in PHC<\/p>\n\n\n\n<p class=\"is-style-fancy-link\"><a href=\"https:\/\/phc.swisshealthweb.ch\/fileadmin\/assets\/PHC\/2023\/phc-f.2023.1314083566\/phc-f-2023-1314083566.pdf\" target=\"_blank\" rel=\"noreferrer noopener\">Zugangslink<\/a><\/p>\n<\/div>\n\n\n\n<div style=\"height:69px\" aria-hidden=\"true\" class=\"wp-block-spacer\"><\/div>\n\n\n\n<div class=\"wp-block-group is-style-shadow p-4 is-content-justification-left is-layout-constrained wp-container-core-group-is-layout-8c890d92 wp-block-group-is-layout-constrained\">\n<p><strong>Fachartikel: SCOHPICA: Schweizer Kohorte der Gesundheitsberufe und pflegenden Angeh\u00f6rigen<\/strong><\/p>\n\n\n\n<p><br>Vom SCOHPICA-Team<br>Ver\u00f6ffentlicht 2023 in Blueprint, Inspirationen f\u00fcr Gesundheitsprojekte<\/p>\n\n\n\n<p class=\"is-style-fancy-link\"><\/p>\n\n\n\n<p class=\"is-style-fancy-link\"><a href=\"https:\/\/www.ofsp-blueprint.ch\/scohpica-cohorte-suisse-des-professionnelles-de-la-sante-et-des-proches-aidantes\" target=\"_blank\" rel=\"noreferrer noopener\">Zugangslink<\/a><\/p>\n<\/div>\n\n\n\n<div style=\"height:69px\" aria-hidden=\"true\" class=\"wp-block-spacer\"><\/div>\n\n\n\n<div class=\"wp-block-group is-style-shadow p-4 is-content-justification-left is-layout-constrained wp-container-core-group-is-layout-8c890d92 wp-block-group-is-layout-constrained\">\n<p><strong>Fachartikel: Verstehen, warum Schweizer Gesundheitsfachkr\u00e4fte in ihrem Job bleiben oder ihn verlassen &#8211; Erste Ergebnisse der SCOHPICA-Kohorte<\/strong><\/p>\n\n\n\n<p><br>Von Jonathan Jubin; Ingrid Gilles; Annie Oulevey-Bachmann; Isabelle Peytremann Bridevaux<br>Ver\u00f6ffentlicht 2023 in REISO<\/p>\n\n\n\n<p class=\"is-style-fancy-link\"><\/p>\n\n\n\n<p class=\"is-style-fancy-link\"><a href=\"https:\/\/www.ofsp-blueprint.ch\/scohpica-cohorte-suisse-des-professionnelles-de-la-sante-et-des-proches-aidantes\" target=\"_blank\" rel=\"noreferrer noopener\">Zugangslink<\/a><\/p>\n<\/div>\n\n\n\n<div style=\"height:69px\" aria-hidden=\"true\" class=\"wp-block-spacer\"><\/div>\n\n\n\n<div class=\"wp-block-group is-style-shadow p-4 is-content-justification-left is-layout-constrained wp-container-core-group-is-layout-8c890d92 wp-block-group-is-layout-constrained\">\n<p><strong>Fachartikel: Eine Umfrage \u00fcber das Wohlbefinden am Arbeitsplatz und die Absicht, im Beruf zu bleiben<\/strong><\/p>\n\n\n\n<p><br>Von Tania Carron, Isabelle Peytremann Bridevaux, Ingrid Gilles, Annie Oulevey Bachmann<br>Ver\u00f6ffentlicht 2023 in Pharmajournal<\/p>\n<\/div>\n\n\n\n<div style=\"height:69px\" aria-hidden=\"true\" class=\"wp-block-spacer\"><\/div>\n\n\n\n<div class=\"wp-block-group is-style-shadow p-4 is-content-justification-left is-layout-constrained wp-container-core-group-is-layout-8c890d92 wp-block-group-is-layout-constrained\">\n<p><strong>Fachartikel: SCOHPICA: Zuverl\u00e4ssige Daten zur Verbesserung der Arbeitsbedingungen<\/strong><\/p>\n\n\n\n<p><br>Von Annie Oulevey Bachmann, Isabelle Peytremann-Bridevaux, Ingrid Gilles, Jonathan Jubin<\/p>\n\n\n\n<p class=\"is-style-fancy-link\">Ver\u00f6ffentlicht im Jahr 2023 im ASI Journal<\/p>\n<\/div>\n\n\n\n<div style=\"height:69px\" aria-hidden=\"true\" class=\"wp-block-spacer\"><\/div>\n\n\n\n<div class=\"wp-block-group is-style-shadow p-4 is-content-justification-left is-layout-constrained wp-container-core-group-is-layout-8c890d92 wp-block-group-is-layout-constrained\">\n<p><strong>Fachartikel: Die Flugbahnen verstehen, um Knappheit zu \u00fcberwinden<\/strong><\/p>\n\n\n\n<p><br>Von Ingrid Gilles, Isabelle Peytremann-Bridevaux und Prof. Oveyulecule-Bridevaux. Annie Oulevey Bachmann.<br>Ver\u00f6ffentlicht 2023 in der Zeitschrift Comp\u00e9tences. <\/p>\n\n\n\n<p class=\"is-style-fancy-link\"><\/p>\n\n\n\n<p class=\"is-style-fancy-link\"><a href=\"https:\/\/competence.ch\/fr\/comprendre-les-trajectoires-pour-surmonter-la-penurie\/\" target=\"_blank\" rel=\"noreferrer noopener\">Zugangslink<\/a><\/p>\n<\/div>\n\n\n\n<div style=\"height:69px\" aria-hidden=\"true\" class=\"wp-block-spacer\"><\/div>\n\n\n\n<div class=\"wp-block-group is-style-shadow p-4 is-content-justification-left is-layout-constrained wp-container-core-group-is-layout-8c890d92 wp-block-group-is-layout-constrained\">\n<p><strong>Fachartikel: SCOHPICA: Erste Ergebnisse liegen vor<\/strong><\/p>\n\n\n\n<p><br>Von Tania Carron, Isabelle Peytremann Bridevaux, Ingrid Gilles, Annie Oulevey Bachmann<br>Ver\u00f6ffentlicht 2023 in der Zeitschrift Ergotherapie<\/p>\n<\/div>\n\n\n\n<div style=\"height:69px\" aria-hidden=\"true\" class=\"wp-block-spacer\"><\/div>\n\n\n\n<div class=\"wp-block-group is-style-shadow p-4 is-content-justification-left is-layout-constrained wp-container-core-group-is-layout-8c890d92 wp-block-group-is-layout-constrained\">\n<p><strong>Fachartikel: SCOHPICA: Verst\u00e4ndnis und St\u00e4rkung von Gesundheitspersonal und pflegenden Angeh\u00f6rigen<\/strong><\/p>\n\n\n\n<p><br>Von Isabelle Peytremann-Bridevaux<br>Ver\u00f6ffentlicht im Jahr 2023 im SAMW Bulletin<\/p>\n<\/div>\n\n\n\n<div style=\"height:69px\" aria-hidden=\"true\" class=\"wp-block-spacer\"><\/div>\n\n\n\n<div class=\"wp-block-group is-style-shadow p-4 is-content-justification-left is-layout-constrained wp-container-core-group-is-layout-8c890d92 wp-block-group-is-layout-constrained\">\n<p><strong>Fachartikel: SCOHPICA: Schweizer Kohorte der Gesundheitsberufe und pflegenden Angeh\u00f6rigen<\/strong><\/p>\n\n\n\n<p><br>Von Jonathan Jubin; Annie Oulevey-Bachmann; Ingrid Gilles und Isabelle Peytremann Bridevaux<br>Ver\u00f6ffentlicht im Jahr 2023 im Journal Source 2023<\/p>\n\n\n\n<p class=\"is-style-fancy-link\"><a href=\"https:\/\/www.ecolelasource.ch\/projet-scohpica\/\" target=\"_blank\" rel=\"noreferrer noopener\">Zugangslink<\/a><\/p>\n<\/div>\n\n\n\n<div style=\"height:69px\" aria-hidden=\"true\" class=\"wp-block-spacer\"><\/div>\n\n\n\n<div class=\"wp-block-group is-style-shadow p-4 is-content-justification-left is-layout-constrained wp-container-core-group-is-layout-8c890d92 wp-block-group-is-layout-constrained\">\n<p><strong>Fachartikel: SCOHPICA: Die Bed\u00fcrfnisse und Laufbahnen von Gesundheitsfachkr\u00e4ften in der Schweiz besser kennenlernen<\/strong><\/p>\n\n\n\n<p><br>Von Vladimir Jolidon, Isabelle Peytremann Bridevaux, Tania Carron, Ingrid Gilles, Annie Oulevey Bachmann<br>Ver\u00f6ffentlicht 2023 in der Schweizer Sene-Zeitung Focus<\/p>\n\n\n\n<p class=\"is-style-fancy-link\"><a href=\"https:\/\/www.ecolelasource.ch\/projet-scohpica\/\" target=\"_blank\" rel=\"noreferrer noopener\">Zugangslink<\/a><\/p>\n<\/div>\n\n\n\n<div style=\"height:69px\" aria-hidden=\"true\" class=\"wp-block-spacer\"><\/div>\n\n\n\n<div class=\"wp-block-group is-style-shadow p-4 is-content-justification-left is-layout-constrained wp-container-core-group-is-layout-8c890d92 wp-block-group-is-layout-constrained\">\n<p><strong>Artikel: Determinanten der Absicht von Pflegefachkr\u00e4ften, in ihrem Beruf oder an ihrem Arbeitsplatz zu bleiben<\/strong><\/p>\n\n\n\n<p><br>Von Nelly Courvoisier, Ingrid Gilles, Oriana Keserue Pittet und Isabelle Peytremann-Bridevaux<br>Ver\u00f6ffentlicht 2023 in der Zeitschrift von Unisant\u00e9<\/p>\n\n\n\n<p class=\"is-style-fancy-link\"><a href=\"https:\/\/serval.unil.ch\/resource\/serval:BIB_91CE8DF56627.P002\/REF\" target=\"_blank\" rel=\"noreferrer noopener\">Zugangslink<\/a><\/p>\n<\/div>\n\n\n\n<div style=\"height:69px\" aria-hidden=\"true\" class=\"wp-block-spacer\"><\/div>\n\n\n\n<div class=\"wp-block-group is-style-shadow p-4 is-content-justification-left is-layout-constrained wp-container-core-group-is-layout-8c890d92 wp-block-group-is-layout-constrained\">\n<p><strong>Presseartikel: Das gro\u00dfe Unbehagen der Angeh\u00f6rigen der Gesundheitsberufe<\/strong><\/p>\n\n\n\n<p><br>Ver\u00f6ffentlicht 2023 in Le Temps<\/p>\n\n\n\n<p class=\"is-style-fancy-link\"><a href=\"https:\/\/www.ecolelasource.ch\/projet-scohpica\/\" target=\"_blank\" rel=\"noreferrer noopener\">Zugangslink<\/a><\/p>\n<\/div>\n\n\n\n<div style=\"height:69px\" aria-hidden=\"true\" class=\"wp-block-spacer\"><\/div>\n\n\n\n<h2 class=\"wp-block-heading has-blue-dark-color has-text-color has-link-color wp-elements-2bb6981994462cbe0bd288cea410f09b\"><span class=\"wp-rich-text-font-awesome-icon wp-font-awesome-icon\"><svg xmlns=\"http:\/\/www.w3.org\/2000\/svg\" aria-hidden=\"true\" focusable=\"false\" data-prefix=\"fas\" data-icon=\"newspaper\" class=\"svg-inline--fa fa-newspaper \" role=\"img\" viewBox=\"0 0 512 512\"><path fill=\"currentColor\" d=\"M96 96c0-35.3 28.7-64 64-64l288 0c35.3 0 64 28.7 64 64l0 320c0 35.3-28.7 64-64 64L80 480c-44.2 0-80-35.8-80-80L0 128c0-17.7 14.3-32 32-32s32 14.3 32 32l0 272c0 8.8 7.2 16 16 16s16-7.2 16-16L96 96zm64 24l0 80c0 13.3 10.7 24 24 24l112 0c13.3 0 24-10.7 24-24l0-80c0-13.3-10.7-24-24-24L184 96c-13.3 0-24 10.7-24 24zm208-8c0 8.8 7.2 16 16 16l48 0c8.8 0 16-7.2 16-16s-7.2-16-16-16l-48 0c-8.8 0-16 7.2-16 16zm0 96c0 8.8 7.2 16 16 16l48 0c8.8 0 16-7.2 16-16s-7.2-16-16-16l-48 0c-8.8 0-16 7.2-16 16zM160 304c0 8.8 7.2 16 16 16l256 0c8.8 0 16-7.2 16-16s-7.2-16-16-16l-256 0c-8.8 0-16 7.2-16 16zm0 96c0 8.8 7.2 16 16 16l256 0c8.8 0 16-7.2 16-16s-7.2-16-16-16l-256 0c-8.8 0-16 7.2-16 16z\"><\/path><\/svg><\/span>  2022<\/h2>\n\n\n\n<div class=\"wp-block-group is-style-shadow p-4 is-content-justification-left is-layout-constrained wp-container-core-group-is-layout-8c890d92 wp-block-group-is-layout-constrained\">\n<p><strong>Fachartikel: SCOHPICA: Schweizer Kohorte von Gesundheitsfachkr\u00e4ften und pflegenden Angeh\u00f6rigen<\/strong><\/p>\n\n\n\n<p><br>Von Isabelle Peytremann-Bridevaux, Annie Oulevey Bachmann<br>Ver\u00f6ffentlicht 2023 in der Schweizerischen Medizinischen Zeitschrift<\/p>\n\n\n\n<p class=\"is-style-fancy-link\"><a href=\"https:\/\/www.revmed.ch\/revue-medicale-suisse\/2022\/revue-medicale-suisse-804\/scohpica-cohorte-suisse-de-professionel-les-de-sante-et-de-proches-aidant-es\" target=\"_blank\" rel=\"noreferrer noopener\">Zugangslink<\/a><\/p>\n<\/div>\n\n\n\n<div style=\"height:69px\" aria-hidden=\"true\" class=\"wp-block-spacer\"><\/div>\n","protected":false},"excerpt":{"rendered":"<p>Publikationen Hier finden Sie alle wissenschaftlichen Publikationen, Berichte und Mitteilungen, die aus den im Rahmen von SCOHPICA &#8211; Gesundheitsfachkr\u00e4fte &#8211; durchgef\u00fchrten Forschungsaktivit\u00e4ten hervorgegangen sind. Diese Arbeiten tragen dazu bei, die beruflichen Laufbahnen, die Arbeitsbedingungen, die Faktoren des Wohlbefindens sowie die Herausforderungen der Bindung im Gesundheitswesen in der Schweiz besser zu verstehen. Mehrere wissenschaftliche Artikel sind [&hellip;]<\/p>\n","protected":false},"author":6,"featured_media":0,"parent":5977,"menu_order":2,"comment_status":"closed","ping_status":"closed","template":"","meta":{"_acf_changed":false,"_editorskit_title_hidden":false,"_editorskit_reading_time":0,"_editorskit_is_block_options_detached":false,"_editorskit_block_options_position":"{}","footnotes":""},"class_list":["post-5759","page","type-page","status-publish","hentry"],"acf":[],"_links":{"self":[{"href":"https:\/\/scohpica.ch\/de\/wp-json\/wp\/v2\/pages\/5759","targetHints":{"allow":["GET"]}}],"collection":[{"href":"https:\/\/scohpica.ch\/de\/wp-json\/wp\/v2\/pages"}],"about":[{"href":"https:\/\/scohpica.ch\/de\/wp-json\/wp\/v2\/types\/page"}],"author":[{"embeddable":true,"href":"https:\/\/scohpica.ch\/de\/wp-json\/wp\/v2\/users\/6"}],"replies":[{"embeddable":true,"href":"https:\/\/scohpica.ch\/de\/wp-json\/wp\/v2\/comments?post=5759"}],"version-history":[{"count":4,"href":"https:\/\/scohpica.ch\/de\/wp-json\/wp\/v2\/pages\/5759\/revisions"}],"predecessor-version":[{"id":6594,"href":"https:\/\/scohpica.ch\/de\/wp-json\/wp\/v2\/pages\/5759\/revisions\/6594"}],"up":[{"embeddable":true,"href":"https:\/\/scohpica.ch\/de\/wp-json\/wp\/v2\/pages\/5977"}],"wp:attachment":[{"href":"https:\/\/scohpica.ch\/de\/wp-json\/wp\/v2\/media?parent=5759"}],"curies":[{"name":"wp","href":"https:\/\/api.w.org\/{rel}","templated":true}]}}