{"id":5767,"date":"2025-08-14T13:36:51","date_gmt":"2025-08-14T11:36:51","guid":{"rendered":"https:\/\/scohpica.ch\/zusammenarbeit\/"},"modified":"2026-03-04T17:56:06","modified_gmt":"2026-03-04T16:56:06","slug":"zusammenarbeit","status":"publish","type":"page","link":"https:\/\/scohpica.ch\/de\/gesundheitsfachkraefte\/zusammenarbeit\/","title":{"rendered":"Zusammenarbeit"},"content":{"rendered":"\n<h1 class=\"wp-block-heading has-text-align-center has-primary-color has-text-color has-link-color wp-elements-dfc6174a51466bb4f7ce2333f3de1ef6\">Zusammenarbeit<\/h1>\n\n<p>SCOHPICA arbeitet mit zahlreichen Partnern aus dem \u00f6ffentlichen, halb\u00f6ffentlichen und gemeinn\u00fctzigen Sektor zusammen.<\/p>\n\n<p>Seit 2023 liefert die SCOHPICA-PdS im Auftrag des OBSAN und des BAG Daten f\u00fcr das Pflegemonitoring, das im Rahmen der Umsetzung der Pflegeinitiative vorgesehen ist. Sie liefert auch gezielte Ergebnisse an bestimmte Kantone, um diese \u00fcber die Situation der Gesundheitsfachkr\u00e4fte und der Pflegenden Angeh\u00f6rigen zu informieren und m\u00f6glicherweise ihre \u00f6ffentliche Politik zu lenken. <\/p>\n\n<p>SCOHPICA-PA tr\u00e4gt seit 2025, ebenfalls im Auftrag des OBSAN, dazu bei, die Situation der betreuenden Angeh\u00f6rigen in der Schweiz wissenschaftlich fundiert zu dokumentieren, um die gesundheitspolitischen Entscheidungen zu unterst\u00fctzen und die auf sie ausgerichteten Unterst\u00fctzungsma\u00dfnahmen besser auszurichten.<\/p>\n\n<p>Wir danken unseren Auftraggebern f\u00fcr ihr Vertrauen.<\/p>\n\n<div style=\"height:70px\" aria-hidden=\"true\" class=\"wp-block-spacer\"><\/div>\n\n<h2 class=\"wp-block-heading has-text-align-center has-secondary-color has-text-color has-link-color wp-elements-71a0ac6bc763ff38fc14fe40c70fa555\">Unsere Zusammenarbeit<\/h2>\n\n<p>Seit dem Start der Kohorte der Gesundheitsfachkr\u00e4fte im Jahr 2022 hatten wir das Privileg, mit verschiedenen Auftraggebern zusammenzuarbeiten, darunter :<\/p>\n\n<div class=\"wp-block-columns is-layout-flex wp-container-core-columns-is-layout-9d6595d7 wp-block-columns-is-layout-flex\">\n<div class=\"wp-block-column is-layout-flow wp-block-column-is-layout-flow\" style=\"flex-basis:1%\"><\/div>\n\n\n\n<div class=\"wp-block-column is-layout-flow wp-block-column-is-layout-flow\">\n<ul class=\"wp-block-list\">\n<li class=\"has-blue-dark-color has-text-color has-link-color wp-elements-c782c1ea84fe7ae74337204e989d00f7\">das BAG<\/li>\n\n\n\n<li class=\"has-blue-dark-color has-text-color has-link-color wp-elements-fd4fda2047b020599853864241be1f0b\">das OBSAN<\/li>\n\n\n\n<li class=\"has-blue-dark-color has-text-color has-link-color wp-elements-e44ed9576ee148db767bf0576ad05099\">die Kantone Neuenburg, Waadt und Wallis<\/li>\n<\/ul>\n<\/div>\n<\/div>\n\n<p>Seit 2024 hat uns eine Institution im Rahmen der Kohorte der betreuenden Angeh\u00f6rigen ihr Vertrauen geschenkt, n\u00e4mlich :<\/p>\n\n<div class=\"wp-block-columns is-layout-flex wp-container-core-columns-is-layout-9d6595d7 wp-block-columns-is-layout-flex\">\n<div class=\"wp-block-column is-layout-flow wp-block-column-is-layout-flow\" style=\"flex-basis:1%\"><\/div>\n\n\n\n<div class=\"wp-block-column is-layout-flow wp-block-column-is-layout-flow\">\n<ul class=\"wp-block-list\">\n<li class=\"has-blue-dark-color has-text-color has-link-color wp-elements-fd4fda2047b020599853864241be1f0b\">das OBSAN<\/li>\n<\/ul>\n<\/div>\n<\/div>\n\n<div style=\"height:70px\" aria-hidden=\"true\" class=\"wp-block-spacer\"><\/div>\n\n<h2 class=\"wp-block-heading has-text-align-center has-secondary-color has-text-color has-link-color wp-elements-ed0e70fb10ae5ac03e27b1621f2e3709\">M\u00f6chten Sie uns beauftragen oder mit uns zusammenarbeiten?<\/h2>\n\n<p>Sind Sie ein Akteur des Gesundheitssystems und m\u00f6chten gezielte Ergebnisse zu den Gesundheitsfachkr\u00e4ften oder den betreuenden Angeh\u00f6rigen in der Schweiz erhalten? <\/p>\n\n<p>Wir stehen Ihnen zur Verf\u00fcgung, um Ihre Bed\u00fcrfnisse zu analysieren, einen geeigneten Analyseansatz vorzuschlagen und Ihnen Ergebnisse auf der Grundlage verl\u00e4sslicher Daten und rigoroser Methoden zu liefern.<\/p>\n\n<p>Kontaktieren Sie uns direkt unter folgender Adresse: <a href=\"mailto:scohpica@unisante.ch\">scohpica@unisante.ch<\/a><\/p>\n\n<div style=\"height:70px\" aria-hidden=\"true\" class=\"wp-block-spacer\"><\/div>\n","protected":false},"excerpt":{"rendered":"<p>Zusammenarbeit SCOHPICA arbeitet mit zahlreichen Partnern aus dem \u00f6ffentlichen, halb\u00f6ffentlichen und gemeinn\u00fctzigen Sektor zusammen. Seit 2023 liefert die SCOHPICA-PdS im Auftrag des OBSAN und des BAG Daten f\u00fcr das Pflegemonitoring, das im Rahmen der Umsetzung der Pflegeinitiative vorgesehen ist. Sie liefert auch gezielte Ergebnisse an bestimmte Kantone, um diese \u00fcber die Situation der Gesundheitsfachkr\u00e4fte und [&hellip;]<\/p>\n","protected":false},"author":6,"featured_media":0,"parent":5977,"menu_order":12,"comment_status":"closed","ping_status":"closed","template":"","meta":{"_acf_changed":false,"_editorskit_title_hidden":false,"_editorskit_reading_time":0,"_editorskit_is_block_options_detached":false,"_editorskit_block_options_position":"{}","footnotes":""},"class_list":["post-5767","page","type-page","status-publish","hentry"],"acf":[],"_links":{"self":[{"href":"https:\/\/scohpica.ch\/de\/wp-json\/wp\/v2\/pages\/5767","targetHints":{"allow":["GET"]}}],"collection":[{"href":"https:\/\/scohpica.ch\/de\/wp-json\/wp\/v2\/pages"}],"about":[{"href":"https:\/\/scohpica.ch\/de\/wp-json\/wp\/v2\/types\/page"}],"author":[{"embeddable":true,"href":"https:\/\/scohpica.ch\/de\/wp-json\/wp\/v2\/users\/6"}],"replies":[{"embeddable":true,"href":"https:\/\/scohpica.ch\/de\/wp-json\/wp\/v2\/comments?post=5767"}],"version-history":[{"count":5,"href":"https:\/\/scohpica.ch\/de\/wp-json\/wp\/v2\/pages\/5767\/revisions"}],"predecessor-version":[{"id":6174,"href":"https:\/\/scohpica.ch\/de\/wp-json\/wp\/v2\/pages\/5767\/revisions\/6174"}],"up":[{"embeddable":true,"href":"https:\/\/scohpica.ch\/de\/wp-json\/wp\/v2\/pages\/5977"}],"wp:attachment":[{"href":"https:\/\/scohpica.ch\/de\/wp-json\/wp\/v2\/media?parent=5767"}],"curies":[{"name":"wp","href":"https:\/\/api.w.org\/{rel}","templated":true}]}}