{"id":5971,"date":"2023-06-27T19:04:40","date_gmt":"2023-06-27T17:04:40","guid":{"rendered":"https:\/\/scohpica.ch\/ci-sostengono\/"},"modified":"2026-03-09T13:04:29","modified_gmt":"2026-03-09T12:04:29","slug":"partner","status":"publish","type":"page","link":"https:\/\/scohpica.ch\/it\/chi-siamo\/partner\/","title":{"rendered":"Ci sostengono"},"content":{"rendered":"\n<h1 class=\"wp-block-heading has-text-align-center has-primary-color has-text-color\">Scopri i nostri partner<\/h1>\n\n\n\n<div style=\"height:70px\" aria-hidden=\"true\" class=\"wp-block-spacer\"><\/div>\n\n\n\n<div class=\"wp-block-group alignwide has-primary-background-color has-background is-layout-constrained wp-block-group-is-layout-constrained\">\n<p class=\"has-text-align-center has-white-color has-text-color\">Questo progetto non sarebbe stato possibile senza il sostegno e la partecipazione di molti partner.<br>Desideriamo ringraziarli calorosamente per il loro prezioso contributo.<\/p>\n<\/div>\n\n\n\n<div style=\"height:70px\" aria-hidden=\"true\" class=\"wp-block-spacer\"><\/div>\n\n\n\n<div class=\"wp-block-group is-style-shadow p-4 is-layout-constrained wp-block-group-is-layout-constrained\">\n<h2 class=\"wp-block-heading has-text-align-center has-primary-color has-text-color\">Finanziatori<\/h2>\n\n\n\n<div style=\"height:15px\" aria-hidden=\"true\" class=\"wp-block-spacer\"><\/div>\n\n\n\n<ul class=\"wp-block-list has-gray-medium-color has-text-color has-gray-medium-color\">\n<li>Accademia Svizzera delle Scienze Mediche (ASSM)<\/li>\n\n\n\n<li>Fondazione per l\u2019Universit\u00e0 di Losanna (FUNIL)<\/li>\n\n\n\n<li>Osservatorio svizzero della salute (Obsan)<\/li>\n\n\n\n<li>Ufficio federale della sanit\u00e0 pubblica (UFSP)<\/li>\n<\/ul>\n\n\n\n<div style=\"height:70px\" aria-hidden=\"true\" class=\"wp-block-spacer\"><\/div>\n<\/div>\n\n\n\n<div style=\"height:70px\" aria-hidden=\"true\" class=\"wp-block-spacer\"><\/div>\n\n\n\n<div class=\"wp-block-group is-style-shadow p-4 is-layout-constrained wp-block-group-is-layout-constrained\">\n<h2 class=\"wp-block-heading has-text-align-center has-primary-color has-text-color\">Membri del panel di supporto<\/h2>\n\n\n\n<div style=\"height:15px\" aria-hidden=\"true\" class=\"wp-block-spacer\"><\/div>\n\n\n\n<h3 class=\"wp-block-heading has-secondary-color has-text-color\">Professionisti della salute<\/h3>\n\n\n\n<ul class=\"wp-block-list has-gray-medium-color has-text-color has-gray-medium-color\">\n<li>ARTISET<\/li>\n\n\n\n<li>Associazione Svizzera degli Infermieri (SNV)<\/li>\n\n\n\n<li>Rete di competenze per il personale sanitario (CNHW)<\/li>\n\n\n\n<li>Conferenza dei direttori cantonali della sanit\u00e0 (CDS)<\/li>\n\n\n\n<li>Federazione dei medici svizzeri (FMH)<\/li>\n\n\n\n<li>Medici per la famiglia e l&#8217;infanzia Svizzera (mfe)<\/li>\n\n\n\n<li>Osservatorio svizzero della salute (Obsan)<\/li>\n\n\n\n<li>Office F\u00e9d\u00e9ral de la Sant\u00e9 Publique (OFSP), Division professionnels de la sant\u00e9, Plateforme Professions Sant\u00e9, Proches aidants<\/li>\n\n\n\n<li>Pharmasuisse<\/li>\n\n\n\n<li>Comunit\u00e0 di interesse per badanti (CIPA)<\/li>\n\n\n\n<li>SPITEX Svizzera<\/li>\n\n\n\n<li>Infermieri leader svizzeri<\/li>\n\n\n\n<li>Unisant\u00e9, Dipartimento Salute, Lavoro e Ambiente (DSTE)<\/li>\n\n\n\n<li>Universit\u00e0 di Losanna (UNIL), Facolt\u00e0 di Scienze Sociali e Politiche (SSP)<\/li>\n<\/ul>\n\n\n\n<p><\/p>\n\n\n\n<h3 class=\"wp-block-heading has-secondary-color has-text-color has-link-color wp-elements-a101022cdbc0471d2ea488babf97d90c\">Familiari curanti<\/h3>\n\n\n\n<ul class=\"wp-block-list has-gray-medium-color has-text-color has-gray-medium-color\">\n<li>Swisscarers<\/li>\n\n\n\n<li>Associazione Vaudoise des proches aidants<\/li>\n\n\n\n<li>Espace Proches<\/li>\n\n\n\n<li>Pro Infirmis<\/li>\n\n\n\n<li>Comunit\u00e0 di interesse per badanti (CIPA)<\/li>\n\n\n\n<li>Solicare<\/li>\n\n\n\n<li>Cantone di Vaud<\/li>\n\n\n\n<li>Fondazione SILO<\/li>\n\n\n\n<li>Canton Ticino<\/li>\n\n\n\n<li>Pro-XY<\/li>\n\n\n\n<li>Pro Senectute<\/li>\n<\/ul>\n\n\n\n<div style=\"height:70px\" aria-hidden=\"true\" class=\"wp-block-spacer\"><\/div>\n<\/div>\n\n\n\n<div style=\"height:70px\" aria-hidden=\"true\" class=\"wp-block-spacer\"><\/div>\n\n\n\n<div class=\"wp-block-group is-style-shadow p-4 is-layout-constrained wp-block-group-is-layout-constrained\">\n<h2 class=\"wp-block-heading has-text-align-center has-primary-color has-text-color\">Supporto per il reclutamento dei\/delle partecipanti<\/h2>\n\n\n\n<div style=\"height:15px\" aria-hidden=\"true\" class=\"wp-block-spacer\"><\/div>\n\n\n\n<ul class=\"wp-block-list has-gray-medium-color has-text-color has-gray-medium-color\">\n<li>Accademia Svizzera di Scienze Mediche (ASSM)<\/li>\n\n\n\n<li>Adullam Spit\u00e4ler e Pflegezentren<\/li>\n\n\n\n<li>AFISA &#8211; Association fribourgeoise des institutions pour personnes \u00e2g\u00e9es et de l&#8217;aide et des soins \u00e0 domicile (Associazione friburghese delle istituzioni per anziani e dell&#8217;assistenza e cura a domicilio)<\/li>\n\n\n\n<li>Alleanza Infermieristica Pediatrica Svizzera (SPNA)<\/li>\n\n\n\n<li>APN-CH<\/li>\n\n\n\n<li>APSI &#8211; Associazione Svizzera per le Scienze Infermieristiche<\/li>\n\n\n\n<li>Area delle competenze<\/li>\n\n\n\n<li>Arsant\u00e9 &#8211; Rete di assistenza<\/li>\n\n\n\n<li>ARTISERT<\/li>\n\n\n\n<li>ARTISET &#8211; Federazione dei fornitori di servizi per persone con esigenze di sostegno<\/li>\n\n\n\n<li>ASDD Groupe d&#8217;int\u00e9r\u00eat romand Cadres Di\u00e9ticiens Hospitaliers (RoCaDH)<\/li>\n\n\n\n<li>ASI Ginevra<\/li>\n\n\n\n<li>ASI Zurigo \/ Glarona \/ Sciaffusa<\/li>\n\n\n\n<li>Assistenza oncologica Svizzera<\/li>\n\n\n\n<li>Associazione CNHW &#8211; rete di competenza del personale sanitario<\/li>\n\n\n\n<li>Associazione degli Psicologi e degli Psicologi-Psicoterapeuti di Neuch\u00e2tel (ANPP)<\/li>\n\n\n\n<li>Associazione dei dietisti di Ginevra (ADiGe)<\/li>\n\n\n\n<li>Associazione di fisioterapia del Giura<\/li>\n\n\n\n<li>Associazione Medica Svizzera (FMH)<\/li>\n\n\n\n<li>Associazione Romanda degli Assistenti Medici (ARAM)<\/li>\n\n\n\n<li>Associazione Spitex suisse priv\u00e9s (ASPS)<\/li>\n\n\n\n<li>Associazione Svizzera degli Infermieri (SNV)<\/li>\n\n\n\n<li>Associazione Svizzera degli Psicoterapeuti (SPA)<\/li>\n\n\n\n<li>Associazione svizzera dei dietisti (ASDD)<\/li>\n\n\n\n<li>Associazione Svizzera dei Fisioterapisti Indipendenti (ASPI)<\/li>\n\n\n\n<li>Associazione Svizzera dei Fisioterapisti specializzati in Uro-Ginecologia e Pelvi-Perineologia (ASPUG-PP)<\/li>\n\n\n\n<li>Associazione svizzera dei terapisti occupazionali (ASE)<\/li>\n\n\n\n<li>Associazione Svizzera dei Terapisti Occupazionali (ASE) &#8211; Sezione Vallese<\/li>\n\n\n\n<li>Associazione Svizzera delle Ambulanze &#8211; Sezione Ticino e Moesa<\/li>\n\n\n\n<li>Associazione svizzera per lo sviluppo della pratica infermieristica avanzata (Swiss APN)<\/li>\n\n\n\n<li>Associazione Vallesana degli Ambulanti<\/li>\n\n\n\n<li>Associazione vodese dei medici di famiglia (mfv)<\/li>\n\n\n\n<li>Associazione vodese per l&#8217;assistenza e la cura a domicilio (AVASAD)<\/li>\n\n\n\n<li>Berit Klinik Goldach<\/li>\n\n\n\n<li>Berufs- und Weiterbildungszentrum f\u00fcr Gesundheits- und Sozialberufe San Gallo (BZGS)<\/li>\n\n\n\n<li>BZ Gesundheit &amp; Soziales Kanton Glarus<\/li>\n\n\n\n<li>CAREUM<\/li>\n\n\n\n<li>ceff SANTE-SOCIAL &#8211; Berna<\/li>\n\n\n\n<li>Centro sanitario di Pays d&#8217;Enhaut<\/li>\n\n\n\n<li>Clinica Bois-Cerf<\/li>\n\n\n\n<li>Clinica Cecil<\/li>\n\n\n\n<li>CMS VD<\/li>\n\n\n\n<li>Comitato scientifico SSMI<\/li>\n\n\n\n<li>Dipartimento della Sanit\u00e0 del Cantone di Vaud<\/li>\n\n\n\n<li>Dipartimento della Sanit\u00e0 e dell&#8217;Azione Sociale del Cantone di Vaud<\/li>\n\n\n\n<li>Dipartimento di Giustizia, Sicurezza e Salute del Cantone dei Grigioni<\/li>\n\n\n\n<li>EMS Friburgo &#8211; AFISA<\/li>\n\n\n\n<li>EMS Gen\u00e8ve &#8211; FEGEMS<\/li>\n\n\n\n<li>EMS Vaud &#8211; FEGEMS<\/li>\n\n\n\n<li>Ensemble Hospitalier de la C\u00f4te (EHC)<\/li>\n\n\n\n<li>EOC Ente ospedaliero cantonale<\/li>\n\n\n\n<li>EQUAM &#8211; Associazione Svizzera per la Qualit\u00e0 in Medicina<\/li>\n\n\n\n<li>Etablissements Hospitaliers du Nord Vaudois (eHnv)<\/li>\n\n\n\n<li>Facolt\u00e0 di Biologia e Medicina dell&#8217;Universit\u00e0 di Losanna (FBM, UNIL)<\/li>\n\n\n\n<li>Facolt\u00e0 di Scienze &#8211; UNIGE<\/li>\n\n\n\n<li>Facolt\u00e0 di Scienze Sociali e Politiche, Universit\u00e0 di Losanna (SSP, UNIL)<\/li>\n\n\n\n<li>Farmacie Benu<\/li>\n\n\n\n<li>Federazione degli ospedali del Vaud (FHV)<\/li>\n\n\n\n<li>Federazione dei fornitori di servizi di cura e assistenza personale (FEDEPS)<\/li>\n\n\n\n<li>Federazione Osteopatica Svizzera (SuisseOsteo)<\/li>\n\n\n\n<li>Federazione Svizzera degli Psicologi (FSP)<\/li>\n\n\n\n<li>Federazione svizzera delle ostetriche (FSSF)<\/li>\n\n\n\n<li>Fisiofriburgo<\/li>\n\n\n\n<li>fisioSvizzera<\/li>\n\n\n\n<li>Fisioterapia Ticino<\/li>\n\n\n\n<li>fisiovalais-wallis<\/li>\n\n\n\n<li>fisiovaud<\/li>\n\n\n\n<li>Fondation de Nant &#8211; Settore psichiatrico orientale<\/li>\n\n\n\n<li>Fondation Rive-Neuve &#8211; Unit\u00e0 di cure palliative<\/li>\n\n\n\n<li>Fondazione svizzera per la scienza dell&#8217;osteopatia (SOSF)<\/li>\n\n\n\n<li>Forum svizzero per l&#8217;assistenza integrata (fmc)<\/li>\n\n\n\n<li>Gesundheitsamt des Kantons Schaffhausen<\/li>\n\n\n\n<li>Gesundheitsamt des Kantons Solothurn<\/li>\n\n\n\n<li>Gruppo ICLS Suisse Romand<\/li>\n\n\n\n<li>Gruppo ospedaliero di Ginevra Ovest (GHOL)<\/li>\n\n\n\n<li>Gruppo regionale ASDD Bodensee (SH, ZH, TG, SG)<\/li>\n\n\n\n<li>Gruppo regionale ASDD Vaud<\/li>\n\n\n\n<li>HFR &#8211; Ospedale di Friburgo<\/li>\n\n\n\n<li>Hirslanden AndreasKlinik Cham Zug<\/li>\n\n\n\n<li>Hirslanden Klinik Stephanshorn<\/li>\n\n\n\n<li>H\u00f4pital Intercantonal de la Broye (HIB)<\/li>\n\n\n\n<li>Istituto di Scienze Infermieristiche (INS)<\/li>\n\n\n\n<li>Istituto La Source e College of Health<\/li>\n\n\n\n<li>Istituto Universitario per la Formazione e la Ricerca Infermieristica (IUFRS &#8211; UNIL)<\/li>\n\n\n\n<li>Istituzione Lavigny<\/li>\n\n\n\n<li>Kantonalverband der Z\u00fcrcher Psychologinnen und Psychologen (Z\u00fcPP)<\/li>\n\n\n\n<li>Kantonsspital Baden AG<\/li>\n\n\n\n<li>Kantonsspital Graub\u00fcnden<\/li>\n\n\n\n<li>Klinik Gais<\/li>\n\n\n\n<li>Klinik Wil<\/li>\n\n\n\n<li>Limmatklinik, Zurigo<\/li>\n\n\n\n<li>Medici per la famiglia e l&#8217;infanzia Svizzera (mfe)<\/li>\n\n\n\n<li>OdASant\u00e9<\/li>\n\n\n\n<li>Onco Suisse (SSMO)<\/li>\n\n\n\n<li>Ospedale di Laufenburg &#8211; Centro medico di Fricktal<\/li>\n\n\n\n<li>Ospedale Lavaux<\/li>\n\n\n\n<li>Ospedale oftalmico Jules Gonin &#8211; Fondazione Asile des Aveugles<\/li>\n\n\n\n<li>Ospedale Riviera-Chablais, Vaud-Valais<\/li>\n\n\n\n<li>Ospedale universitario di Vaud (CHUV)<\/li>\n\n\n\n<li>Ospedale Vall\u00e9e de Joux<\/li>\n\n\n\n<li>Ospedali universitari di Ginevra (HUG)<\/li>\n\n\n\n<li>Pharmacieplus<\/li>\n\n\n\n<li>Physiobern<\/li>\n\n\n\n<li>Privatklinik Villa im Park<\/li>\n\n\n\n<li>Promozione della salute in Vallese<\/li>\n\n\n\n<li>Rete ad arco<\/li>\n\n\n\n<li>Rete Delta<\/li>\n\n\n\n<li>Rete di Santit\u00e0 Balcon du Jura Vaudois (RSBJ)<\/li>\n\n\n\n<li>Rete medica svizzera<\/li>\n\n\n\n<li>Rete ospedaliera di Neuch\u00e2tel (RHNe)<\/li>\n\n\n\n<li>Rete sanitaria dell&#8217;Haut-L\u00e9man<\/li>\n\n\n\n<li>Salveo &#8211; farmacie indipendenti<\/li>\n\n\n\n<li>SAVOIRSOCIAL<\/li>\n\n\n\n<li>SEFRI<\/li>\n\n\n\n<li>Sistema sanitario svizzero di apprendimento (SLHS)<\/li>\n\n\n\n<li>Societ\u00e0 dei Farmacisti di Friburgo (Sphf)<\/li>\n\n\n\n<li>Societ\u00e0 farmaceutica vodese (SVPh)<\/li>\n\n\n\n<li>Societ\u00e0 medica dei Grigioni<\/li>\n\n\n\n<li>Societ\u00e0 medica del Canton Giura<\/li>\n\n\n\n<li>Societ\u00e0 medica del Vallese<\/li>\n\n\n\n<li>Societ\u00e0 medica di Neuch\u00e2tel<\/li>\n\n\n\n<li>Societ\u00e0 Neurologica Svizzera (SNS)<\/li>\n\n\n\n<li>Societ\u00e0 osteopatica cantonale del Vallese (SCO-VS) (VS)<\/li>\n\n\n\n<li>Societ\u00e0 svizzera dei farmacisti (pharmaSuisse)<\/li>\n\n\n\n<li>Societ\u00e0 Svizzera di Cardiologia (SwissCardio)<\/li>\n\n\n\n<li>Societ\u00e0 Svizzera di Gastroenterologia (SSG)<\/li>\n\n\n\n<li>Societ\u00e0 Svizzera di Ginecologia (SGGG)<\/li>\n\n\n\n<li>Societ\u00e0 Svizzera di Infettivologia (SSI)<\/li>\n\n\n\n<li>Societ\u00e0 Svizzera di Medicina Intensiva (SGI-SSMI)<\/li>\n\n\n\n<li>Societ\u00e0 Svizzera di Nefrologia (SSN)<\/li>\n\n\n\n<li>Societ\u00e0 Svizzera di Respirazione (SSP)<\/li>\n\n\n\n<li>Spital Frutigen<\/li>\n\n\n\n<li>Spital Lachen AG<\/li>\n\n\n\n<li>SPITEX BL<\/li>\n\n\n\n<li>SPITEX GR<\/li>\n\n\n\n<li>SPITEX SG\/AR\/AI<\/li>\n\n\n\n<li>SPITEX SH<\/li>\n\n\n\n<li>SPITEX Svizzera<\/li>\n\n\n\n<li>SPITEX SZ<\/li>\n\n\n\n<li>SPITEX ZH<\/li>\n\n\n\n<li>Svizzera NP<\/li>\n\n\n\n<li>Swiss Nurse Leaders &#8211; Associazione svizzera dei dirigenti infermieristici<\/li>\n\n\n\n<li>Swissrescue.ch<\/li>\n\n\n\n<li>Unia<\/li>\n\n\n\n<li>Unisant\u00e9 &#8211; Centro Universitario di Medicina Generale e Sanit\u00e0 Pubblica<\/li>\n\n\n\n<li>Universit\u00e0 di Basilea (INS)<\/li>\n\n\n\n<li>Universit\u00e0 di Ginevra<\/li>\n\n\n\n<li>Universit\u00e0 di Lucerna<\/li>\n\n\n\n<li>Universit\u00e0 di Scienze Applicate al Lavoro Sociale e alla Salute di Losanna (HETSL) &#8211; Corso di Terapia Occupazionale<\/li>\n\n\n\n<li>Universit\u00e0 di Scienze Applicate della Svizzera Italiana (SUPSI)<\/li>\n\n\n\n<li>Universit\u00e0 di Scienze Applicate della Svizzera Occidentale &#8211; HES-SO Ginevra<\/li>\n\n\n\n<li>Universit\u00e0 di Scienze Applicate della Svizzera Occidentale &#8211; HES-SO Valais<\/li>\n\n\n\n<li>Universit\u00e0 di Scienze Applicate di Berna (BFH)<\/li>\n\n\n\n<li>Universit\u00e0 di Scienze Applicate di Zurigo, Winterthur (ZAHW)<\/li>\n\n\n\n<li>Universit\u00e4re Psychiatrische Kliniken Basel (UPK)<\/li>\n\n\n\n<li>Universit\u00e4tsspital Basel (USB)<\/li>\n\n\n\n<li>XUND Lucerna<\/li>\n\n\n\n<li>XUND Obvaldo<\/li>\n\n\n\n<li>ZHAW &#8211; Universit\u00e0 di Scienze Applicate di Zurigo<\/li>\n\n\n\n<li>ZURZACH Care &#8211; Rehaklinik Glarus<\/li>\n<\/ul>\n\n\n\n<div style=\"height:70px\" aria-hidden=\"true\" class=\"wp-block-spacer\"><\/div>\n<\/div>\n\n\n\n<div style=\"height:70px\" aria-hidden=\"true\" class=\"wp-block-spacer\"><\/div>\n","protected":false},"excerpt":{"rendered":"<p>Scopri i nostri partner Questo progetto non sarebbe stato possibile senza il sostegno e la partecipazione di molti partner.Desideriamo ringraziarli calorosamente per il loro prezioso contributo. Finanziatori Membri del panel di supporto Professionisti della salute Familiari curanti Supporto per il reclutamento dei\/delle partecipanti<\/p>\n","protected":false},"author":5,"featured_media":0,"parent":6012,"menu_order":2,"comment_status":"closed","ping_status":"closed","template":"","meta":{"_acf_changed":false,"_editorskit_title_hidden":false,"_editorskit_reading_time":0,"_editorskit_is_block_options_detached":false,"_editorskit_block_options_position":"{}","footnotes":""},"class_list":["post-5971","page","type-page","status-publish","hentry"],"acf":[],"_links":{"self":[{"href":"https:\/\/scohpica.ch\/it\/wp-json\/wp\/v2\/pages\/5971","targetHints":{"allow":["GET"]}}],"collection":[{"href":"https:\/\/scohpica.ch\/it\/wp-json\/wp\/v2\/pages"}],"about":[{"href":"https:\/\/scohpica.ch\/it\/wp-json\/wp\/v2\/types\/page"}],"author":[{"embeddable":true,"href":"https:\/\/scohpica.ch\/it\/wp-json\/wp\/v2\/users\/5"}],"replies":[{"embeddable":true,"href":"https:\/\/scohpica.ch\/it\/wp-json\/wp\/v2\/comments?post=5971"}],"version-history":[{"count":4,"href":"https:\/\/scohpica.ch\/it\/wp-json\/wp\/v2\/pages\/5971\/revisions"}],"predecessor-version":[{"id":6304,"href":"https:\/\/scohpica.ch\/it\/wp-json\/wp\/v2\/pages\/5971\/revisions\/6304"}],"up":[{"embeddable":true,"href":"https:\/\/scohpica.ch\/it\/wp-json\/wp\/v2\/pages\/6012"}],"wp:attachment":[{"href":"https:\/\/scohpica.ch\/it\/wp-json\/wp\/v2\/media?parent=5971"}],"curies":[{"name":"wp","href":"https:\/\/api.w.org\/{rel}","templated":true}]}}