{"id":5973,"date":"2025-08-14T12:00:16","date_gmt":"2025-08-14T10:00:16","guid":{"rendered":"https:\/\/scohpica.ch\/vorrei-partecipare-2\/"},"modified":"2026-04-15T17:03:45","modified_gmt":"2026-04-15T15:03:45","slug":"desidero-partecipare","status":"publish","type":"page","link":"https:\/\/scohpica.ch\/it\/familiari-curanti\/desidero-partecipare\/","title":{"rendered":"Desidero partecipare"},"content":{"rendered":"\n<h1 class=\"wp-block-heading has-text-align-center has-primary-color has-text-color\">Desidero partecipare<\/h1>\n\n\n\n<div style=\"height:70px\" aria-hidden=\"true\" class=\"wp-block-spacer\"><\/div>\n\n\n\n<div class=\"wp-block-columns is-layout-flex wp-container-core-columns-is-layout-9d6595d7 wp-block-columns-is-layout-flex\">\n<div class=\"wp-block-column is-layout-flow wp-block-column-is-layout-flow\" style=\"flex-basis:100%\">\n<div class=\"wp-block-columns is-style-gapless is-layout-flex wp-container-core-columns-is-layout-9d6595d7 wp-block-columns-is-layout-flex\" id=\"pros-sante\">\n<div class=\"wp-block-column is-layout-flow wp-block-column-is-layout-flow\" style=\"flex-basis:66.66%\">\n<h4 class=\"wp-block-heading has-secondary-color has-text-color has-link-color wp-elements-3ec133575d51d6fa1d943e461653ecb0\">SCOHPICA FAMILIARI CURANTI \u00c8 APERTO!<\/h4>\n\n\n\n<p>Grazie per la tua partecipazione allo studio SCOHPICA<\/p>\n<\/div>\n<\/div>\n\n\n\n<div id=\"cta-proches-aidants\" class=\"wp-block-group is-style-cta-link-image has-white-color has-primary-background-color has-text-color has-background is-layout-flow wp-block-group-is-layout-flow\">\n<div class=\"wp-block-columns is-style-no_margin is-layout-flex wp-container-core-columns-is-layout-9d6595d7 wp-block-columns-is-layout-flex\">\n<div class=\"wp-block-column is-vertically-aligned-center is-layout-flow wp-block-column-is-layout-flow\" style=\"flex-basis:75%\">\n<h3 class=\"wp-block-heading is-style-no-margin has-white-color has-text-color has-link-color wp-elements-7ff6db37dfe11b33f27cb411fdf39426\"><a href=\"https:\/\/survey.chuv.ch\/SurveyServer\/s\/unisante\/SCOHPICA-PA2026\/questionnaire.htm\" target=\"_blank\" rel=\"noreferrer noopener\"><a href=\"https:\/\/survey.chuv.ch\/SurveyServer\/s\/unisante\/SCOHPICA-PA2026\/questionnaire.htm\" target=\"_blank\" rel=\"noreferrer noopener\">Clicca qui per partecipare come familiare curante<\/a><\/a><\/h3>\n<\/div>\n\n\n\n<div class=\"wp-block-column is-vertically-aligned-center is-layout-flow wp-block-column-is-layout-flow\">\n<figure class=\"wp-block-image aligncenter size-large is-resized is-style-no-margin\"><a href=\"https:\/\/survey.chuv.ch\/SurveyServer\/s\/unisante\/SCOHPICA-PA2026\/questionnaire.htm\" target=\"_blank\" rel=\"noreferrer noopener\"><img loading=\"lazy\" decoding=\"async\" width=\"222\" height=\"200\" src=\"https:\/\/scohpica.ch\/wp-content\/uploads\/2022\/09\/vector-4.svg\" alt=\"\" class=\"wp-image-530\" style=\"width:100px;height:150px\"\/><\/a><\/figure>\n<\/div>\n<\/div>\n\n\n\n<div class=\"wp-block-group is-layout-constrained wp-block-group-is-layout-constrained\">\n<div class=\"wp-block-columns is-layout-flex wp-container-core-columns-is-layout-9d6595d7 wp-block-columns-is-layout-flex\">\n<div class=\"wp-block-column has-primary-background-color has-background is-layout-flow wp-block-column-is-layout-flow\" style=\"flex-basis:100%\">\n<figure class=\"wp-block-image alignleft size-large is-resized\"><img loading=\"lazy\" decoding=\"async\" width=\"756\" height=\"677\" src=\"https:\/\/scohpica.ch\/wp-content\/uploads\/2023\/09\/attention-1.svg\" alt=\"\" class=\"wp-image-2175\" style=\"width:39px;height:35px\"\/><\/figure>\n\n\n\n<p class=\"has-white-color has-text-color\" style=\"font-size:15px\">Se hai gi\u00e0 partecipato all&#8217;inchiesta in una raccolta dati precedente e hai inserito il tuo indirizzo e-mail a fine questionario, ti preghiamo di NON cliccare sul link qui sopra, ma su quello trasmesso via e-mail per permettere ai ricercatori e alle ricercatrici di collegare le tue nuove risposte a quelle fornite l\u2019anno scorso (la protezione dei dati \u00e8 garantita). Questo \u00e8 molto importante per capire i percorsi dei\/delle familiare curanti. <\/p>\n<\/div>\n<\/div>\n<\/div>\n<\/div>\n<\/div>\n<\/div>\n\n\n\n<div class=\"wp-block-columns is-layout-flex wp-container-core-columns-is-layout-9d6595d7 wp-block-columns-is-layout-flex\"><\/div>\n\n\n\n<div style=\"height:70px\" aria-hidden=\"true\" class=\"wp-block-spacer\"><\/div>\n\n\n\n<div class=\"wp-block-columns is-layout-flex wp-container-core-columns-is-layout-9d6595d7 wp-block-columns-is-layout-flex\">\n<div class=\"wp-block-column is-layout-flow wp-block-column-is-layout-flow\" style=\"flex-basis:100%\">\n<div style=\"height:70px\" aria-hidden=\"true\" class=\"wp-block-spacer\"><\/div>\n\n\n\n<div class=\"wp-block-group is-style-shadow is-layout-constrained wp-block-group-is-layout-constrained\">\n<div style=\"height:70px\" aria-hidden=\"true\" class=\"wp-block-spacer\"><\/div>\n\n\n\n<h2 class=\"wp-block-heading has-text-align-center has-primary-color has-text-color has-link-color wp-elements-4566bfea77e5296601120b31340a75a4\">Chi \u00e8 interessato\/a?<\/h2>\n\n\n\n<h3 class=\"wp-block-heading has-secondary-color has-text-color has-link-color wp-elements-44c7861af8e8d2078fe0d5127bbd44bc\">I\/Le familiari curanti<\/h3>\n\n\n\n<p>\u00ab Il familiare curante \u00e8 una persona appartenente alla cerchia ristretta di un individuo che, a causa di un\u2019incapacit\u00e0 o di difficolt\u00e0, necessita di aiuto nello svolgimento di alcune attivit\u00e0 della vita quotidiana. In modo non professionale e informale, il familiare curante fornisce regolarmente assistenza, cura o semplice presenza, con un\u2019intensit\u00e0 variabile, allo scopo di compensare le limitazioni della persona assistita oppure di garantirne la sicurezza, l\u2019identit\u00e0 e il mantenimento dei legami sociali. Possono assumere questo ruolo familiari, vicini o amici. Sono escluse le forme di volontariato organizzato. \u00bb<\/p>\n\n\n\n<p style=\"font-size:15px\">Fonte: Commissione consultiva per il sostegno ai caregiver familiari attivi a domicilio, Programma di sostegno ai caregiver familiari del Cantone di Ginevra, Repubblica e Cantone di Ginevra, 2017. Traduzione libera.<\/p>\n\n\n\n<div style=\"height:70px\" aria-hidden=\"true\" class=\"wp-block-spacer\"><\/div>\n\n\n\n<div style=\"height:70px\" aria-hidden=\"true\" class=\"wp-block-spacer\"><\/div>\n<\/div>\n\n\n\n<div class=\"wp-block-group is-style-shadow is-layout-constrained wp-block-group-is-layout-constrained\">\n<div style=\"height:70px\" aria-hidden=\"true\" class=\"wp-block-spacer\"><\/div>\n\n\n\n<h2 class=\"wp-block-heading has-text-align-center has-primary-color has-text-color has-link-color wp-elements-a89bbc6445ddb672ad3fca9ea65cf69d\">Coinvolgimento e durata della partecipazione<\/h2>\n\n\n\n<p>Questo progetto assume la forma di un questionario elettronico (su computer, tablet, smartphone) che verr\u00e0 riproposto ogni anno e richieder\u00e0 30-45 minuti.<\/p>\n\n\n\n<p>Se nel questionario indica di essere interessato\/a, potrebbe essere selezionato\/a anche per partecipare a un colloquio.<\/p>\n\n\n\n<div style=\"height:70px\" aria-hidden=\"true\" class=\"wp-block-spacer\"><\/div>\n<\/div>\n\n\n\n<div style=\"height:70px\" aria-hidden=\"true\" class=\"wp-block-spacer\"><\/div>\n\n\n\n<div class=\"wp-block-group is-style-shadow is-layout-constrained wp-block-group-is-layout-constrained\">\n<div style=\"height:70px\" aria-hidden=\"true\" class=\"wp-block-spacer\"><\/div>\n\n\n\n<h2 class=\"wp-block-heading has-text-align-center has-primary-color has-text-color has-link-color wp-elements-aa0bc8599cfc59f5cfe8bcfd9a7c24d0\">Perch\u00e9 partecipare a questo progetto?<\/h2>\n\n\n\n<p>La tua partecipazione \u00e8 essenziale per individuare le condizioni ottimali per la pratica dei\/delle familiari curanti, per il loro benessere e per proporre soluzioni concrete per sostenerli\/e.<\/p>\n\n\n\n<div style=\"height:70px\" aria-hidden=\"true\" class=\"wp-block-spacer\"><\/div>\n<\/div>\n\n\n\n<div style=\"height:70px\" aria-hidden=\"true\" class=\"wp-block-spacer\"><\/div>\n\n\n\n<div class=\"wp-block-group is-style-shadow is-layout-constrained wp-block-group-is-layout-constrained\">\n<div style=\"height:70px\" aria-hidden=\"true\" class=\"wp-block-spacer\"><\/div>\n\n\n\n<div class=\"wp-block-columns is-layout-flex wp-container-core-columns-is-layout-9d6595d7 wp-block-columns-is-layout-flex\">\n<div class=\"wp-block-column is-layout-flow wp-block-column-is-layout-flow\">\n<h2 class=\"wp-block-heading has-text-align-center has-primary-color has-text-color has-link-color wp-elements-be9900f71a609d194dfcf56da7803e1d\">Rischi<\/h2>\n\n\n\n<p>La partecipazione a SCOHPICA non comporta alcun rischio diretto o indiretto.<\/p>\n<\/div>\n<\/div>\n\n\n\n<div style=\"height:70px\" aria-hidden=\"true\" class=\"wp-block-spacer\"><\/div>\n<\/div>\n\n\n\n<div style=\"height:70px\" aria-hidden=\"true\" class=\"wp-block-spacer\"><\/div>\n\n\n\n<div class=\"wp-block-group is-style-shadow is-layout-constrained wp-block-group-is-layout-constrained\">\n<div style=\"height:70px\" aria-hidden=\"true\" class=\"wp-block-spacer\"><\/div>\n\n\n\n<h2 class=\"wp-block-heading has-text-align-center has-primary-color has-text-color has-link-color wp-elements-b1a40003b0df50820006f03cbb56b22b\">Riservatezza e sicurezza dei dati<\/h2>\n\n\n\n<p>Questo progetto \u00e8 realizzato in conformit\u00e0 ai requisiti della legislazione svizzera. Inoltre, seguiamo tutte le linee guida riconosciute a livello internazionale. Il progetto \u00e8 stato esaminato e autorizzato dal comitato etico competente.<br>La partecipazione \u00e8 volontaria e puoi scegliere di ritirarti in qualsiasi momento senza alcuna giustificazione.  <\/p>\n\n\n\n<h3 class=\"wp-block-heading has-secondary-color has-text-color has-link-color wp-elements-aff6099b332a163b581cb34519622c17\">Questionario<\/h3>\n\n\n\n<p>Le tue risposte a questo questionario elettronico sono strettamente confidenziali. Solo il team di ricerca avr\u00e0 accesso al database.<br>Le informazioni sulle persone (ad esempio, et\u00e0 e genere) sono sostituite da un codice numerico e rimuoveremo qualsiasi informazione personale. Non sar\u00e0 possibile identificarti personalmente nei risultati e nelle pubblicazioni di questo studio.  <\/p>\n\n\n\n<h3 class=\"wp-block-heading has-secondary-color has-text-color has-link-color wp-elements-ab3468c65da3d06d3adec45cae8017be\">Interviste<\/h3>\n\n\n\n<p>Solo il team di ricerca avr\u00e0 accesso alle registrazioni delle interviste e alle relative trascrizioni. Non \u00e8 possibile risalire alla tua identit\u00e0 attraverso i risultati. I dati sono trattati in modo confidenziale sul server riservato e protetto di Unisant\u00e9.  <\/p>\n\n\n\n<p>Tutte le registrazioni saranno distrutte al pi\u00f9 tardi 3 mesi dopo le interviste. Al termine del progetto, le trascrizioni saranno conservate in maniera codificata in una cartella ad accesso limitato sul server Unisant\u00e9. <\/p>\n\n\n\n<div style=\"height:70px\" aria-hidden=\"true\" class=\"wp-block-spacer\"><\/div>\n<\/div>\n<\/div>\n<\/div>\n","protected":false},"excerpt":{"rendered":"<p>Desidero partecipare SCOHPICA FAMILIARI CURANTI \u00c8 APERTO! Grazie per la tua partecipazione allo studio SCOHPICA Clicca qui per partecipare come familiare curante Se hai gi\u00e0 partecipato all&#8217;inchiesta in una raccolta dati precedente e hai inserito il tuo indirizzo e-mail a fine questionario, ti preghiamo di NON cliccare sul link qui sopra, ma su quello trasmesso [&hellip;]<\/p>\n","protected":false},"author":6,"featured_media":0,"parent":5984,"menu_order":2,"comment_status":"closed","ping_status":"closed","template":"","meta":{"_acf_changed":false,"_editorskit_title_hidden":false,"_editorskit_reading_time":0,"_editorskit_is_block_options_detached":false,"_editorskit_block_options_position":"{}","footnotes":""},"class_list":["post-5973","page","type-page","status-publish","hentry"],"acf":[],"_links":{"self":[{"href":"https:\/\/scohpica.ch\/it\/wp-json\/wp\/v2\/pages\/5973","targetHints":{"allow":["GET"]}}],"collection":[{"href":"https:\/\/scohpica.ch\/it\/wp-json\/wp\/v2\/pages"}],"about":[{"href":"https:\/\/scohpica.ch\/it\/wp-json\/wp\/v2\/types\/page"}],"author":[{"embeddable":true,"href":"https:\/\/scohpica.ch\/it\/wp-json\/wp\/v2\/users\/6"}],"replies":[{"embeddable":true,"href":"https:\/\/scohpica.ch\/it\/wp-json\/wp\/v2\/comments?post=5973"}],"version-history":[{"count":4,"href":"https:\/\/scohpica.ch\/it\/wp-json\/wp\/v2\/pages\/5973\/revisions"}],"predecessor-version":[{"id":6881,"href":"https:\/\/scohpica.ch\/it\/wp-json\/wp\/v2\/pages\/5973\/revisions\/6881"}],"up":[{"embeddable":true,"href":"https:\/\/scohpica.ch\/it\/wp-json\/wp\/v2\/pages\/5984"}],"wp:attachment":[{"href":"https:\/\/scohpica.ch\/it\/wp-json\/wp\/v2\/media?parent=5973"}],"curies":[{"name":"wp","href":"https:\/\/api.w.org\/{rel}","templated":true}]}}